{"id":3452,"date":"2023-09-04T13:28:52","date_gmt":"2023-09-04T11:28:52","guid":{"rendered":"https:\/\/www.cloudbasega.eu\/?page_id=3452"},"modified":"2024-11-28T05:08:59","modified_gmt":"2024-11-28T04:08:59","slug":"prices-es","status":"publish","type":"page","link":"https:\/\/www.cloudbasega.eu\/?page_id=3452","title":{"rendered":"Precios"},"content":{"rendered":"<section class=\"wpb-content-wrapper\"><p>[vc_row][vc_column][vc_column_text]<\/p>\n<h4>DejE de pagar MUCHO y tenga el sistema de gesti\u00f3n de vuelos m\u00e1s completo del mercado<\/h4>\n<h4>\u00a1Disfrute de 6 meses de prueba GRATIS!<\/h4>\n<p>Tenemos 2 planes de precios, de alta y de baja actividad;<\/p>\n<table>\n<tbody>\n<tr>\n<td><\/td>\n<td style=\"text-align: center;\"><b>Por mes Por aeronave<\/b><\/td>\n<td style=\"text-align: center;\"><b>Por cada vuelo<\/b><\/td>\n<\/tr>\n<tr>\n<td style=\"text-align: center;\"><b>Actividad baja<\/b><\/td>\n<td style=\"text-align: center;\">MX$300<\/td>\n<td style=\"text-align: center;\">MX$40<\/td>\n<\/tr>\n<tr>\n<td style=\"text-align: center;\"><b>Actividad alta<\/b><\/td>\n<td style=\"text-align: center;\">MX$600<\/td>\n<td style=\"text-align: center;\">MX$20<\/td>\n<\/tr>\n<\/tbody>\n<\/table>\n<p>La caja forma parte del contrato y no tiene costo, pero su instalaci\u00f3n es por cuenta del cliente.<\/p>\n<p>Si estima que la <u>aeronave<\/u> complete <b>menos de 200 vuelos al a\u00f1o<\/b>, la opci\u00f3n de <b>Actividad Baja<\/b> es la recomendada.<\/p>\n<p>Si estima que la <u>aeronave<\/u> complete <b>m\u00e1s de 200 vuelos al a\u00f1o<\/b>, la opci\u00f3n de <b>Actividad Alta<\/b> es la recomendada. Sin embargo, si prefiere que el costo mensual refleje directamente el nivel de actividad durante el mes, de modo que, por ejemplo, si el vuelo est\u00e1 limitado por el clima o por un mantenimiento prolongado, el costo mensual se minimice, puede elegir la opci\u00f3n de Actividad baja y operar con un costo ligeramente mayor durante el a\u00f1o.<\/p>\n<p>Tenga en cuenta que puede seleccionar la opci\u00f3n de precio adecuada para cada avi\u00f3n.<\/p>\n<h4>Un ejemplo: <strong>500 vuelos<\/strong> al a\u00f1o De <strong>Actividad Alta<\/strong> Le cOstar\u00e1 <strong>MX$17,200<\/strong> al a\u00f1o o <span style=\"color: #ff0000;\"><strong>MX$1,400 al mes<\/strong><\/span>.<\/h4>\n<p>.[\/vc_column_text][\/vc_column][\/vc_row][vc_row][vc_column width=\u00bb1\/3&#8243;][vc_empty_space][\/vc_column][vc_column width=\u00bb1\/3&#8243;]\n                <a  class=\"m-button m-button-bordered m-button-xs m-button-primary \" href=\"https:\/\/www.cloudbasega.eu\/\" title=\"Mas informaci\u00f3n\" target=\"_blank\">\n                                        Mas informaci\u00f3n                <\/a>\n            [\/vc_column][vc_column width=\u00bb1\/3&#8243;][vc_empty_space][\/vc_column][\/vc_row][vc_row][vc_column][vc_empty_space][\/vc_column][\/vc_row]<\/p>\n<\/section>","protected":false},"excerpt":{"rendered":"<p>[vc_row][vc_column][vc_column_text] DejE de pagar MUCHO y tenga el sistema de gesti\u00f3n de vuelos m\u00e1s completo del mercado \u00a1Disfrute de 6 meses de prueba GRATIS! Tenemos 2 planes de precios, de alta y de baja actividad; Por mes Por aeronave Por cada vuelo Actividad baja MX$300 MX$40 Actividad alta MX$600 MX$20 La caja forma parte del [&hellip;]<\/p>\n","protected":false},"author":1,"featured_media":0,"parent":0,"menu_order":0,"comment_status":"closed","ping_status":"closed","template":"","meta":{"footnotes":""},"class_list":["post-3452","page","type-page","status-publish","hentry"],"yoast_head":"<!-- This site is optimized with the Yoast SEO plugin v21.0 - https:\/\/yoast.com\/wordpress\/plugins\/seo\/ -->\n<title>Precios - CloudBaseGA Europe<\/title>\n<meta name=\"robots\" content=\"index, follow, max-snippet:-1, max-image-preview:large, max-video-preview:-1\" \/>\n<link rel=\"canonical\" href=\"https:\/\/www.cloudbasega.eu\/?page_id=3452\" \/>\n<meta property=\"og:locale\" content=\"es_ES\" \/>\n<meta property=\"og:type\" content=\"article\" \/>\n<meta property=\"og:title\" content=\"Precios - CloudBaseGA Europe\" \/>\n<meta property=\"og:description\" content=\"[vc_row][vc_column][vc_column_text] DejE de pagar MUCHO y tenga el sistema de gesti\u00f3n de vuelos m\u00e1s completo del mercado \u00a1Disfrute de 6 meses de prueba GRATIS! Tenemos 2 planes de precios, de alta y de baja actividad; Por mes Por aeronave Por cada vuelo Actividad baja MX$300 MX$40 Actividad alta MX$600 MX$20 La caja forma parte del [&hellip;]\" \/>\n<meta property=\"og:url\" content=\"https:\/\/www.cloudbasega.eu\/?page_id=3452\" \/>\n<meta property=\"og:site_name\" content=\"CloudBaseGA Europe\" \/>\n<meta property=\"article:modified_time\" content=\"2024-11-28T04:08:59+00:00\" \/>\n<meta name=\"twitter:card\" content=\"summary_large_image\" \/>\n<meta name=\"twitter:label1\" content=\"Tiempo de lectura\" \/>\n\t<meta name=\"twitter:data1\" content=\"1 minuto\" \/>\n<script type=\"application\/ld+json\" class=\"yoast-schema-graph\">{\"@context\":\"https:\/\/schema.org\",\"@graph\":[{\"@type\":\"WebPage\",\"@id\":\"https:\/\/www.cloudbasega.eu\/?page_id=3452\",\"url\":\"https:\/\/www.cloudbasega.eu\/?page_id=3452\",\"name\":\"Precios - CloudBaseGA Europe\",\"isPartOf\":{\"@id\":\"https:\/\/www.cloudbasega.eu\/#website\"},\"datePublished\":\"2023-09-04T11:28:52+00:00\",\"dateModified\":\"2024-11-28T04:08:59+00:00\",\"breadcrumb\":{\"@id\":\"https:\/\/www.cloudbasega.eu\/?page_id=3452#breadcrumb\"},\"inLanguage\":\"es\",\"potentialAction\":[{\"@type\":\"ReadAction\",\"target\":[\"https:\/\/www.cloudbasega.eu\/?page_id=3452\"]}]},{\"@type\":\"BreadcrumbList\",\"@id\":\"https:\/\/www.cloudbasega.eu\/?page_id=3452#breadcrumb\",\"itemListElement\":[{\"@type\":\"ListItem\",\"position\":1,\"name\":\"Home\",\"item\":\"https:\/\/www.cloudbasega.eu\/\"},{\"@type\":\"ListItem\",\"position\":2,\"name\":\"Precios\"}]},{\"@type\":\"WebSite\",\"@id\":\"https:\/\/www.cloudbasega.eu\/#website\",\"url\":\"https:\/\/www.cloudbasega.eu\/\",\"name\":\"CloudBaseGA Europe\",\"description\":\"\",\"publisher\":{\"@id\":\"https:\/\/www.cloudbasega.eu\/#organization\"},\"potentialAction\":[{\"@type\":\"SearchAction\",\"target\":{\"@type\":\"EntryPoint\",\"urlTemplate\":\"https:\/\/www.cloudbasega.eu\/?s={search_term_string}\"},\"query-input\":\"required name=search_term_string\"}],\"inLanguage\":\"es\"},{\"@type\":\"Organization\",\"@id\":\"https:\/\/www.cloudbasega.eu\/#organization\",\"name\":\"CloudBaseGA Europe\",\"url\":\"https:\/\/www.cloudbasega.eu\/\",\"logo\":{\"@type\":\"ImageObject\",\"inLanguage\":\"es\",\"@id\":\"https:\/\/www.cloudbasega.eu\/#\/schema\/logo\/image\/\",\"url\":\"https:\/\/www.cloudbasega.eu\/wp-content\/uploads\/2023\/08\/logo_cloudbasega_200_40_black_trans.png\",\"contentUrl\":\"https:\/\/www.cloudbasega.eu\/wp-content\/uploads\/2023\/08\/logo_cloudbasega_200_40_black_trans.png\",\"width\":200,\"height\":40,\"caption\":\"CloudBaseGA Europe\"},\"image\":{\"@id\":\"https:\/\/www.cloudbasega.eu\/#\/schema\/logo\/image\/\"}}]}<\/script>\n<!-- \/ Yoast SEO plugin. -->","yoast_head_json":{"title":"Precios - CloudBaseGA Europe","robots":{"index":"index","follow":"follow","max-snippet":"max-snippet:-1","max-image-preview":"max-image-preview:large","max-video-preview":"max-video-preview:-1"},"canonical":"https:\/\/www.cloudbasega.eu\/?page_id=3452","og_locale":"es_ES","og_type":"article","og_title":"Precios - CloudBaseGA Europe","og_description":"[vc_row][vc_column][vc_column_text] DejE de pagar MUCHO y tenga el sistema de gesti\u00f3n de vuelos m\u00e1s completo del mercado \u00a1Disfrute de 6 meses de prueba GRATIS! Tenemos 2 planes de precios, de alta y de baja actividad; Por mes Por aeronave Por cada vuelo Actividad baja MX$300 MX$40 Actividad alta MX$600 MX$20 La caja forma parte del [&hellip;]","og_url":"https:\/\/www.cloudbasega.eu\/?page_id=3452","og_site_name":"CloudBaseGA Europe","article_modified_time":"2024-11-28T04:08:59+00:00","twitter_card":"summary_large_image","twitter_misc":{"Tiempo de lectura":"1 minuto"},"schema":{"@context":"https:\/\/schema.org","@graph":[{"@type":"WebPage","@id":"https:\/\/www.cloudbasega.eu\/?page_id=3452","url":"https:\/\/www.cloudbasega.eu\/?page_id=3452","name":"Precios - CloudBaseGA Europe","isPartOf":{"@id":"https:\/\/www.cloudbasega.eu\/#website"},"datePublished":"2023-09-04T11:28:52+00:00","dateModified":"2024-11-28T04:08:59+00:00","breadcrumb":{"@id":"https:\/\/www.cloudbasega.eu\/?page_id=3452#breadcrumb"},"inLanguage":"es","potentialAction":[{"@type":"ReadAction","target":["https:\/\/www.cloudbasega.eu\/?page_id=3452"]}]},{"@type":"BreadcrumbList","@id":"https:\/\/www.cloudbasega.eu\/?page_id=3452#breadcrumb","itemListElement":[{"@type":"ListItem","position":1,"name":"Home","item":"https:\/\/www.cloudbasega.eu\/"},{"@type":"ListItem","position":2,"name":"Precios"}]},{"@type":"WebSite","@id":"https:\/\/www.cloudbasega.eu\/#website","url":"https:\/\/www.cloudbasega.eu\/","name":"CloudBaseGA Europe","description":"","publisher":{"@id":"https:\/\/www.cloudbasega.eu\/#organization"},"potentialAction":[{"@type":"SearchAction","target":{"@type":"EntryPoint","urlTemplate":"https:\/\/www.cloudbasega.eu\/?s={search_term_string}"},"query-input":"required name=search_term_string"}],"inLanguage":"es"},{"@type":"Organization","@id":"https:\/\/www.cloudbasega.eu\/#organization","name":"CloudBaseGA Europe","url":"https:\/\/www.cloudbasega.eu\/","logo":{"@type":"ImageObject","inLanguage":"es","@id":"https:\/\/www.cloudbasega.eu\/#\/schema\/logo\/image\/","url":"https:\/\/www.cloudbasega.eu\/wp-content\/uploads\/2023\/08\/logo_cloudbasega_200_40_black_trans.png","contentUrl":"https:\/\/www.cloudbasega.eu\/wp-content\/uploads\/2023\/08\/logo_cloudbasega_200_40_black_trans.png","width":200,"height":40,"caption":"CloudBaseGA Europe"},"image":{"@id":"https:\/\/www.cloudbasega.eu\/#\/schema\/logo\/image\/"}}]}},"_links":{"self":[{"href":"https:\/\/www.cloudbasega.eu\/index.php?rest_route=\/wp\/v2\/pages\/3452","targetHints":{"allow":["GET"]}}],"collection":[{"href":"https:\/\/www.cloudbasega.eu\/index.php?rest_route=\/wp\/v2\/pages"}],"about":[{"href":"https:\/\/www.cloudbasega.eu\/index.php?rest_route=\/wp\/v2\/types\/page"}],"author":[{"embeddable":true,"href":"https:\/\/www.cloudbasega.eu\/index.php?rest_route=\/wp\/v2\/users\/1"}],"replies":[{"embeddable":true,"href":"https:\/\/www.cloudbasega.eu\/index.php?rest_route=%2Fwp%2Fv2%2Fcomments&post=3452"}],"version-history":[{"count":17,"href":"https:\/\/www.cloudbasega.eu\/index.php?rest_route=\/wp\/v2\/pages\/3452\/revisions"}],"predecessor-version":[{"id":3543,"href":"https:\/\/www.cloudbasega.eu\/index.php?rest_route=\/wp\/v2\/pages\/3452\/revisions\/3543"}],"wp:attachment":[{"href":"https:\/\/www.cloudbasega.eu\/index.php?rest_route=%2Fwp%2Fv2%2Fmedia&parent=3452"}],"curies":[{"name":"wp","href":"https:\/\/api.w.org\/{rel}","templated":true}]}}